{"id":8,"date":"2014-09-10T13:12:05","date_gmt":"2014-09-10T13:12:05","guid":{"rendered":"http:\/\/milchbutterkaese.de\/?page_id=8"},"modified":"2014-09-10T13:12:05","modified_gmt":"2014-09-10T13:12:05","slug":"faq","status":"publish","type":"page","link":"https:\/\/milchbutterkaese.de\/?page_id=8","title":{"rendered":"FAQ"},"content":{"rendered":"<p><strong>Warum hei\u00dft der Blog \u00bbMilchbutterk\u00e4se\u00ab, wenn es gar nicht um Milchprodukte geht?<\/strong><\/p>\n<p>Das hat mit meiner Vergangenheit zu tun. Als ich ganz klein war, hatten meine Oma und mein Opa ein Milchgesch\u00e4ft. Daran habe ich nur die besten Erinnerungen! (Soweit man sich halt mit vier erinnern kann.) Und da ich nie wei\u00df was mir als n\u00e4chstes einf\u00e4llt, gibt es keinen eindeutig passenden Namen. Deshalb bleibe ich bei Milchbutterk\u00e4se. Au\u00dferdem kann ich mir ein Leben ohne Milchprodukte nicht vorstellen.<\/p>\n<p><strong>Wo hast Du stricken gelernt?<\/strong><\/p>\n<p>Stricken habe ich von meiner Mutter gelernt. Sie hat gestrickt, und da wollte ich es auch probieren. Ich erinnere mich an gr\u00fcne Kunstoffstricknadeln, hellblaue Wolle und klebrig schwitzige H\u00e4nde. Aber ich habe nicht aufgegeben! Und ganz viele neue Techniken habe ich im Internet gelernt. Ich dachte, ich kann gut stricken, aber da hat sich nochmal eine ganz andere Welt aufgetan!<\/p>\n<p><strong>Und n\u00e4hen?<\/strong><\/p>\n<p>W\u00e4hrend meiner Ausbildung zur Damenschneiderin. Lang ist&#8217;s her. Aber gelernt ist gelernt!<\/p>\n<p><strong>Wer hat Dir diese Fragen gestellt?<\/strong><\/p>\n<p>Niemand. Ich habe sie einfach auf Verdacht mal beantwortet. Falls Dir noch mehr Fragen einfallen, schreib gerne an post \u00e4t milchbutterkaese punkt de<\/p>\n","protected":false},"excerpt":{"rendered":"<p>Warum hei\u00dft der Blog \u00bbMilchbutterk\u00e4se\u00ab, wenn es gar nicht um Milchprodukte geht? Das hat mit meiner Vergangenheit zu tun. Als ich ganz klein war, hatten meine Oma und mein Opa ein Milchgesch\u00e4ft. Daran habe ich nur die besten Erinnerungen! (Soweit man sich halt mit vier erinnern kann.) Und da ich nie wei\u00df was mir als n\u00e4chstes einf\u00e4llt, gibt es keinen eindeutig passenden Namen. Deshalb bleibe ich bei Milchbutterk\u00e4se. Au\u00dferdem kann ich mir ein Leben ohne Milchprodukte nicht vorstellen. Wo hast Du stricken gelernt? Stricken habe ich von meiner Mutter gelernt. Sie hat gestrickt, und da wollte ich es auch probieren. Ich erinnere mich an gr\u00fcne Kunstoffstricknadeln, hellblaue Wolle und klebrig schwitzige H\u00e4nde. Aber ich habe nicht aufgegeben! Und ganz viele neue Techniken habe ich im Internet gelernt. Ich dachte, ich kann gut stricken, aber da hat sich nochmal eine ganz andere Welt aufgetan! Und n\u00e4hen? W\u00e4hrend meiner Ausbildung zur Damenschneiderin. Lang ist&#8217;s her. Aber gelernt ist gelernt! Wer hat Dir diese Fragen gestellt? Niemand. Ich habe sie einfach auf Verdacht mal beantwortet. Falls Dir noch &hellip;<\/p>\n","protected":false},"author":1,"featured_media":0,"parent":0,"menu_order":0,"comment_status":"open","ping_status":"open","template":"","meta":{"spay_email":""},"jetpack_sharing_enabled":true,"jetpack_shortlink":"https:\/\/wp.me\/P52Ah6-8","_links":{"self":[{"href":"https:\/\/milchbutterkaese.de\/index.php?rest_route=\/wp\/v2\/pages\/8"}],"collection":[{"href":"https:\/\/milchbutterkaese.de\/index.php?rest_route=\/wp\/v2\/pages"}],"about":[{"href":"https:\/\/milchbutterkaese.de\/index.php?rest_route=\/wp\/v2\/types\/page"}],"author":[{"embeddable":true,"href":"https:\/\/milchbutterkaese.de\/index.php?rest_route=\/wp\/v2\/users\/1"}],"replies":[{"embeddable":true,"href":"https:\/\/milchbutterkaese.de\/index.php?rest_route=%2Fwp%2Fv2%2Fcomments&post=8"}],"version-history":[{"count":2,"href":"https:\/\/milchbutterkaese.de\/index.php?rest_route=\/wp\/v2\/pages\/8\/revisions"}],"predecessor-version":[{"id":10,"href":"https:\/\/milchbutterkaese.de\/index.php?rest_route=\/wp\/v2\/pages\/8\/revisions\/10"}],"wp:attachment":[{"href":"https:\/\/milchbutterkaese.de\/index.php?rest_route=%2Fwp%2Fv2%2Fmedia&parent=8"}],"curies":[{"name":"wp","href":"https:\/\/api.w.org\/{rel}","templated":true}]}}